{"id":28,"date":"2017-10-07T19:28:00","date_gmt":"2017-10-07T17:28:00","guid":{"rendered":"http:\/\/gesou.cz\/?page_id=28"},"modified":"2017-10-09T20:55:53","modified_gmt":"2017-10-09T18:55:53","slug":"kontakt","status":"publish","type":"page","link":"https:\/\/gesou.cz\/index.php\/kontakt\/","title":{"rendered":"Kontakt"},"content":{"rendered":"<p><span style=\"color: #333333;\"><strong>Gesou z.s.<\/strong><\/span><br \/>\n<span style=\"color: #333333;\"> Skalick\u00e1 1471, Nov\u00fd Bor 473 01<\/span><\/p>\n<p>Statut\u00e1rn\u00ed org\u00e1n Ing. Kamila Kodrov\u00e1<\/p>\n<p><span style=\"color: #333333;\">Mail: gesou()gesou.cz<\/span><\/p>\n<p>I\u010c: 228 25 894<br \/>\nDI\u010c: CZ 228 25 894<\/p>\n<p>Bankovn\u00ed spojen\u00ed:\u00a02000406851\/2010, Fio banka, a.s.<\/p>\n<p>Spolek Gesou z.s. je zaps\u00e1n ve spolkov\u00e9m rejst\u0159\u00edku veden\u00e9m u Krajsk\u00e9ho soudu v \u00dast\u00ed nad Labem v odd\u00edlu L, vlo\u017ece \u010d\u00edslo 7036.<\/p>\n","protected":false},"excerpt":{"rendered":"<p>Gesou z.s. Skalick\u00e1 1471, Nov\u00fd Bor 473 01 Statut\u00e1rn\u00ed org\u00e1n Ing. Kamila Kodrov\u00e1 Mail: gesou()gesou.cz I\u010c: 228 25 894 DI\u010c: CZ 228 25 894 Bankovn\u00ed spojen\u00ed:\u00a02000406851\/2010, Fio banka, a.s. Spolek Gesou z.s. je zaps\u00e1n ve spolkov\u00e9m rejst\u0159\u00edku veden\u00e9m u Krajsk\u00e9ho &hellip; <a href=\"https:\/\/gesou.cz\/index.php\/kontakt\/\">Cel\u00fd p\u0159\u00edsp\u011bvek <span class=\"meta-nav\">&rarr;<\/span><\/a><\/p>\n","protected":false},"author":1,"featured_media":0,"parent":0,"menu_order":2,"comment_status":"closed","ping_status":"closed","template":"","meta":{"footnotes":""},"class_list":["post-28","page","type-page","status-publish","hentry"],"_links":{"self":[{"href":"https:\/\/gesou.cz\/index.php\/wp-json\/wp\/v2\/pages\/28","targetHints":{"allow":["GET"]}}],"collection":[{"href":"https:\/\/gesou.cz\/index.php\/wp-json\/wp\/v2\/pages"}],"about":[{"href":"https:\/\/gesou.cz\/index.php\/wp-json\/wp\/v2\/types\/page"}],"author":[{"embeddable":true,"href":"https:\/\/gesou.cz\/index.php\/wp-json\/wp\/v2\/users\/1"}],"replies":[{"embeddable":true,"href":"https:\/\/gesou.cz\/index.php\/wp-json\/wp\/v2\/comments?post=28"}],"version-history":[{"count":9,"href":"https:\/\/gesou.cz\/index.php\/wp-json\/wp\/v2\/pages\/28\/revisions"}],"predecessor-version":[{"id":77,"href":"https:\/\/gesou.cz\/index.php\/wp-json\/wp\/v2\/pages\/28\/revisions\/77"}],"wp:attachment":[{"href":"https:\/\/gesou.cz\/index.php\/wp-json\/wp\/v2\/media?parent=28"}],"curies":[{"name":"wp","href":"https:\/\/api.w.org\/{rel}","templated":true}]}}