{"id":23,"date":"2017-10-07T19:15:54","date_gmt":"2017-10-07T17:15:54","guid":{"rendered":"http:\/\/gesou.cz\/?page_id=23"},"modified":"2017-10-12T08:39:50","modified_gmt":"2017-10-12T06:39:50","slug":"jak-pozadat-o-podporu","status":"publish","type":"page","link":"https:\/\/gesou.cz\/index.php\/jak-pozadat-o-podporu\/","title":{"rendered":"Jak po\u017e\u00e1dat o podporu?"},"content":{"rendered":"<h2><span style=\"color: #333333;\"><strong>M\u00e1te z\u00e1jem o podporu z na\u0161\u00ed strany?<\/strong><\/span><\/h2>\n<p><span style=\"color: #333333;\">Na\u0161im c\u00edlem je prim\u00e1rn\u011b podpora projekt\u016f z na\u0161eho regionu &#8211; Novoborska, ale r\u00e1di podpo\u0159\u00edme projekty a jednotlivce i nad tento r\u00e1mec.<\/span><\/p>\n<p><span style=\"color: #333333;\">Projekty mus\u00ed spl\u0148ovat n\u00e1sleduj\u00edc\u00ed podm\u00ednky:<\/span><br \/>\n<span style=\"color: #333333;\"> 1. Mus\u00ed odpov\u00eddat stanov\u00e1m Gesou z.s. (viz. dokumenty ke sta\u017een\u00ed)<\/span><br \/>\n<span style=\"color: #333333;\"> 2. Mus\u00ed spl\u0148ovat legislativn\u00ed po\u017eadavky dan\u00e9 z\u00e1konem\u00a0\u010d. 586\/1992 Sb (\u00a7 15 odst. 1)<\/span><\/p>\n<p><span style=\"color: #333333;\">Pokud tyto podm\u00ednky spl\u0148ujete, nev\u00e1hejte se na n\u00e1s obr\u00e1tit se stru\u010dn\u00fdm popisem va\u0161eho projektu. 2x do roka vybereme projekty kter\u00e9 podpo\u0159\u00edme. V p\u0159\u00edpad\u011b nal\u00e9havosti finan\u010dn\u00ed pomoci m\u016f\u017eeme vybrat projekt i mimo uvedenou periodu.<\/span><\/p>\n<p><span style=\"color: #333333;\"><strong>Co by m\u011bla \u017e\u00e1dost obsahovat?<\/strong><\/span><br \/>\n<span style=\"color: #333333;\">Identifikaci \u017eadatel &#8211; n\u00e1zev, jm\u00e9no a p\u0159\u00edjmen\u00ed \u017eadatele (z\u00e1konn\u00e9ho z\u00e1stupce)<\/span><br \/>\n<span style=\"color: #333333;\"> Stru\u010dn\u00fd popis finan\u010dn\u00ed situace, pro\u010d o podporu \u017e\u00e1d\u00e1te<\/span><br \/>\n<span style=\"color: #333333;\"> Kontakt na z\u00e1stupce (telefon, email)<\/span><br \/>\n<span style=\"color: #333333;\"> \u00da\u010del daru (na jak\u00fd \u00fa\u010del m\u00e1 b\u00fdt dar pou\u017eit)<\/span><\/p>\n<p><span style=\"color: #333333;\">\u017d\u00e1dost zas\u00edlejte v elektronick\u00e9 podob\u011b na mail <strong>gesou()gesou.cz<\/strong><\/span><\/p>\n<h6><span style=\"color: #333333;\">Gesou z.s. upozor\u0148uje, \u017ee vypln\u011bn\u00edm \u017e\u00e1dosti a jej\u00edm odesl\u00e1n\u00edm nevznik\u00e1 \u017eadateli n\u00e1rok na poskytnut\u00ed daru. \u017dadatel bude pouze za\u0159azen do datab\u00e1ze \u017eadatel\u016f, kterou za t\u00edm \u00fa\u010delem spole\u010dnost vede. Pr\u00e1vn\u00ed vztah mezi spole\u010dnost\u00ed a \u017eadatelem vznik\u00e1 a\u017e okam\u017eikem podpisu darovac\u00ed smlouvy.<\/span><\/h6>\n<h6><span style=\"color: #333333;\">Gesou z.s. d\u00e1le upozor\u0148uje, \u017ee \u00famysln\u00e9 uveden\u00ed jak\u00fdchkoliv nepravdiv\u00fdch \u00fadaj\u016f v \u017e\u00e1dosti bude m\u00edt za n\u00e1sledek vy\u0159azen\u00ed z datab\u00e1ze \u017eadatel\u016f a v p\u0159\u00edpad\u011b poskytnut\u00ed daru, jako\u017e i p\u0159i jeho pou\u017eit\u00ed v rozporu se sjednan\u00fdm \u00fa\u010delem, bude po\u017eadov\u00e1no jeho vr\u00e1cen\u00ed, a to i soudn\u00ed cestou.<\/span><\/h6>\n<h2><\/h2>\n<h2><strong>Ji\u017e jsme podpo\u0159ili:<\/strong><\/h2>\n<p><strong>\u010clov\u011bk v t\u00edsni, o.p.s<\/strong>., &#8211; 40 tis. K\u010d<\/p>\n<p>Nevl\u00e1dn\u00ed neziskov\u00e1 organizace vych\u00e1zej\u00edc\u00ed z my\u0161lenek humanismu, svobody, rovnosti a solidarity. Lidskou d\u016fstojnost a svobodu pova\u017eujeme za z\u00e1kladn\u00ed hodnoty. V\u011b\u0159\u00edme, \u017ee lid\u00e9 kdekoli na sv\u011bt\u011b maj\u00ed m\u00edt pr\u00e1vo rozhodovat o sv\u00fdch \u017eivotech a spole\u010dn\u011b sd\u00edlet pr\u00e1va vyj\u00e1d\u0159en\u00e1 V\u0161eobecnou deklarac\u00ed lidsk\u00fdch pr\u00e1v.<\/p>\n<p>Podpo\u0159ili jsme \u010dinnost spole\u010dnosti.<\/p>\n<p><strong>D\u011btsk\u00fd domov, Dub\u00e1 &#8211; De\u0161tn\u00e1 6, p\u0159\u00edsp\u011bvkov\u00e1 organizace<\/strong> \u2013 10 tis. K\u010d<\/p>\n<p>Podpo\u0159ili jsme jazykov\u00fd pobyt chovankyn\u011b Lenky D.<\/p>\n<p><strong>Liga otev\u0159en\u00fdch mu\u017e\u016f, z.s.<\/strong> \u2013 15 tis. K\u010d<\/p>\n<p>Podpo\u0159ili jsme projekt Patron \u2013 15 tis. K\u010d<\/p>\n<p>Projekt \u201ePatron\u201c vznikl na z\u00e1klad\u011b expertn\u00edch dovednost\u00ed dvou partnersk\u00fdch organizac\u00ed Liga otev\u0159en\u00fdch mu\u017e\u016f (LOM) a M\u00fazy d\u011btem.<\/p>\n<p>V projektu je podporov\u00e1na schopnost mlad\u00fdch mu\u017e\u016f vyr\u016fstaj\u00edc\u00edch v za\u0159\u00edzen\u00edch n\u00e1hradn\u00ed v\u00fdchovy ve v\u011bku 17 \u2013 21 let za\u010dlenit se do spole\u010dnosti, v\u010detn\u011b z\u00edsk\u00e1n\u00ed a udr\u017een\u00ed si zam\u011bstn\u00e1n\u00ed. Patroni vytv\u00e1\u0159\u00ed mlad\u00fdm mu\u017e\u016fm \u010dasto chyb\u011bj\u00edc\u00ed model pozitivn\u00edho mu\u017esk\u00e9ho vzoru, p\u0159ed\u00e1vaj\u00ed jim sv\u00e9 zku\u0161enosti a jsou jim podporou p\u0159i vstupu do b\u011b\u017en\u00e9ho \u017eivota.<\/p>\n<p><strong>\u00a0<\/strong><strong>OS Sn\u00edlek, o.p.s.<\/strong> \u2013 60 tis. K\u010d<\/p>\n<p>Ob\u010dansk\u00e9 sdru\u017een\u00ed Sn\u00edlek bylo zalo\u017eeno v roce 2003. Z\u00e1kladn\u00edm posl\u00e1n\u00edm a c\u00edlem byla od sam\u00e9ho vzniku spolupr\u00e1ce a podpora d\u011bt\u00ed v d\u011btsk\u00fdch domovech. V sou\u010dasnosti se na\u0161e \u010dinnost roz\u0161\u00ed\u0159ila na pomoc v\u0161em pot\u0159ebn\u00fdm d\u011btem a ml\u00e1de\u017ei v rozsahu na\u0161\u00ed \u00fazemn\u00ed p\u016fsobnosti a v souladu se z\u00e1kladn\u00edm posl\u00e1n\u00edm na\u0161\u00ed organizace.<\/p>\n<p>Podpo\u0159ili jsme:<\/p>\n<p>10 tis. K\u010d na organizaci t\u00e1bora pro soci\u00e1ln\u011b handicapovan\u00e9 d\u011bti a ml\u00e1de\u017e (z d\u011btsk\u00fdch domov\u016f, z krizov\u00fdch za\u0159\u00edzen\u00ed, p\u011bstounsk\u00e9 p\u00e9\u010de a soci\u00e1ln\u011b slab\u00fdch rodin).<\/p>\n<p>20 tis. K\u010d na pomoc v r\u00e1mci l\u00e9\u010dby onkologicky nemocn\u00e9ho chlapce Erika B.<\/p>\n<p>30 tis. k\u010d na pot\u0159eby d\u011bt\u00ed, kter\u00e9 jsou um\u00edst\u011bny v D\u011btsk\u00e9m domov\u011b v Jablonn\u00e9 v Podje\u0161t\u011bd\u00ed a v krizov\u00e9m centru Hv\u011bzdi\u010dka v Jablonn\u00e9m v\u00a0Podje\u0161t\u011bd\u00ed.<\/p>\n<p><strong>Rodina v centru, z.\u00fa. <\/strong>\u2013 55 tis. K\u010d<\/p>\n<p>Rodina v centru je nest\u00e1tn\u00ed neziskov\u00e1 organizace p\u016fsob\u00edc\u00ed v Nov\u00e9m Boru a okol\u00ed. Vznikla v roce 2005 jako mate\u0159sk\u00e9 centrum, jeho\u017e c\u00edlem bylo a je p\u0159edch\u00e1zet negativn\u00edm jev\u016fm v rodin\u00e1ch, posilovat partnersk\u00e9 sou\u017eit\u00ed a podporovat rodi\u010de v p\u00e9\u010di o d\u011bti a p\u0159i sla\u010fov\u00e1n\u00ed pr\u00e1ce a rodiny. Podporuje rodiny s d\u011btmi. Posunuje hranice kvality \u017eivota rodin \u017eij\u00edc\u00edch na Novoborsku a v okol\u00ed.<\/p>\n<p>Podpo\u0159ili jsme<\/p>\n<p>20 tis. K\u010d na provoz sdru\u017een\u00ed.<\/p>\n<p>25 tis. K\u010d na kofinancov\u00e1n\u00ed n\u00e1klad\u016f spojen\u00fdch s realizac\u00ed projektu \u201ePodpora n\u00e1hradn\u00ed rodinn\u00e9 p\u00e9\u010de na Novoborsku\u201c s celkov\u00fdm rozpo\u010dtem 171 540 K\u010d.<\/p>\n<p><strong>SONOW\u00a0\u00a0\u00a0\u00a0\u00a0\u00a0\u00a0\u00a0\u00a0\u00a0\u00a0\u00a0\u00a0\u00a0\u00a0\u00a0\u00a0\u00a0\u00a0\u00a0\u00a0\u00a0\u00a0\u00a0\u00a0\u00a0\u00a0\u00a0\u00a0 \u00a0\u00a0\u00a0\u00a0\u00a0\u00a0\u00a0\u00a0\u00a0\u00a0\u00a0\u00a0\u00a0\u00a0\u00a0\u00a0\u00a0\u00a0\u00a0\u00a0\u00a0\u00a0\u00a0\u00a0\u00a0\u00a0\u00a0\u00a0\u00a0\u00a0 \u00a0\u00a0\u00a0\u00a0\u00a0\u00a0\u00a0\u00a0\u00a0\u00a0\u00a0\u00a0\u00a0\u00a0\u00a0\u00a0\u00a0\u00a0\u00a0\u00a0\u00a0\u00a0\u00a0\u00a0\u00a0\u00a0\u00a0\u00a0\u00a0\u00a0\u00a0\u00a0\u00a0\u00a0\u00a0\u00a0\u00a0\u00a0\u00a0\u00a0\u00a0\u00a0\u00a0\u00a0\u00a0\u00a0 <\/strong>www.sonow.cz\/<\/p>\n<p>Ob\u010dansk\u00fd spolek Sonow je dobrovoln\u00e9 nepolitick\u00e9 sdru\u017een\u00ed ob\u010dan\u016f a p\u0159\u00e1tel Kamenick\u00e9ho \u0160enova, kter\u00e9 chce p\u016fsobit ve prosp\u011bch rozvoje m\u011bsta, respektuj\u00edc\u00edho jeho historicky dan\u00e9 kvality.<\/p>\n<p>Podpo\u0159ili jsme<\/p>\n<p>30 tis. K\u010d na opravu star\u00e9ho h\u0159bitova v\u00a0Kamenick\u00e9m \u0160enov\u011b<\/p>\n<p><strong>Volejbalov\u00e1 Akademie Nov\u00fd Bor z.s.<\/strong> \u2013 35 tis. K\u010d<\/p>\n<p>Z\u00e1jmov\u00fd sportovn\u00ed spolek Volejbalov\u00e1 akademie Nov\u00fd Bor moment\u00e1ln\u011b sdru\u017euje cca 180 d\u011bt\u00ed, kter\u00e9 se z\u00fa\u010dast\u0148uj\u00ed jak pravideln\u00fdch tr\u00e9nink\u016f (10 tr\u00e9ninkov\u00fdch skupin), tak i turnajov\u00fdch okruh\u016f, kter\u00e9 p\u0159ev\u00e1\u017en\u011b organizuje pr\u00e1v\u011b Akademie.<\/p>\n<p>Podpo\u0159ili jsme<\/p>\n<p>30 tis. K\u010d na pron\u00e1jem tr\u00e9ninkov\u00fdch prostor (t\u011blocvi\u010den) pro d\u011btsk\u00e9 tr\u00e9ninkov\u00e9 skupiny<\/p>\n<p>5 tis. K\u010d na n\u00e1kup volejbalov\u00fdch m\u00ed\u010d\u016f pro d\u011btsk\u00e9 tr\u00e9ninkov\u00e9 skupiny.<\/p>\n<p>&nbsp;<\/p>\n","protected":false},"excerpt":{"rendered":"<p>M\u00e1te z\u00e1jem o podporu z na\u0161\u00ed strany? Na\u0161im c\u00edlem je prim\u00e1rn\u011b podpora projekt\u016f z na\u0161eho regionu &#8211; Novoborska, ale r\u00e1di podpo\u0159\u00edme projekty a jednotlivce i nad tento r\u00e1mec. Projekty mus\u00ed spl\u0148ovat n\u00e1sleduj\u00edc\u00ed podm\u00ednky: 1. Mus\u00ed odpov\u00eddat stanov\u00e1m Gesou z.s. (viz. &hellip; <a href=\"https:\/\/gesou.cz\/index.php\/jak-pozadat-o-podporu\/\">Cel\u00fd p\u0159\u00edsp\u011bvek <span class=\"meta-nav\">&rarr;<\/span><\/a><\/p>\n","protected":false},"author":1,"featured_media":0,"parent":0,"menu_order":1,"comment_status":"closed","ping_status":"closed","template":"","meta":{"footnotes":""},"class_list":["post-23","page","type-page","status-publish","hentry"],"_links":{"self":[{"href":"https:\/\/gesou.cz\/index.php\/wp-json\/wp\/v2\/pages\/23","targetHints":{"allow":["GET"]}}],"collection":[{"href":"https:\/\/gesou.cz\/index.php\/wp-json\/wp\/v2\/pages"}],"about":[{"href":"https:\/\/gesou.cz\/index.php\/wp-json\/wp\/v2\/types\/page"}],"author":[{"embeddable":true,"href":"https:\/\/gesou.cz\/index.php\/wp-json\/wp\/v2\/users\/1"}],"replies":[{"embeddable":true,"href":"https:\/\/gesou.cz\/index.php\/wp-json\/wp\/v2\/comments?post=23"}],"version-history":[{"count":17,"href":"https:\/\/gesou.cz\/index.php\/wp-json\/wp\/v2\/pages\/23\/revisions"}],"predecessor-version":[{"id":152,"href":"https:\/\/gesou.cz\/index.php\/wp-json\/wp\/v2\/pages\/23\/revisions\/152"}],"wp:attachment":[{"href":"https:\/\/gesou.cz\/index.php\/wp-json\/wp\/v2\/media?parent=23"}],"curies":[{"name":"wp","href":"https:\/\/api.w.org\/{rel}","templated":true}]}}